{"id":506,"date":"2025-01-25T16:31:42","date_gmt":"2025-01-25T15:31:42","guid":{"rendered":"https:\/\/krajlevandule.com\/?post_type=product&#038;p=506"},"modified":"2025-01-25T18:38:32","modified_gmt":"2025-01-25T17:38:32","slug":"obal-na-knihu-diar-dokumenty","status":"publish","type":"product","link":"https:\/\/krajlevandule.com\/index.php\/produkt\/obal-na-knihu-diar-dokumenty\/","title":{"rendered":"Obal na knihu, di\u00e1\u0159,  dokumenty"},"content":{"rendered":"<p>Kr\u00e1sn\u00e9 velk\u00e9 pouzdro na hnihu, di\u00e1\u0159, dokumenty.<br \/>\nObal hust\u011b pro\u0161it\u00fd voln\u00fdm quiltov\u00e1n\u00edm, s kr\u00e1sn\u00fdmi ko\u017een\u00fdmi poutky, \u010dervenou pod\u0161\u00edvkou, kter\u00e1 dod\u00e1v\u00e1 v\u00fdrobku kr\u00e1snou vnit\u0159n\u00ed te\u010dku.<\/p>\n","protected":false},"excerpt":{"rendered":"<ul>\n<li>Pouzdro z kvalitn\u00ed bavlny<\/li>\n<li>V\u00fdpl\u0148 &#8211; termol\u00edn<\/li>\n<li>Mo\u017eno pr\u00e1t v ruce na 30 stup\u0148\u016f<\/li>\n<\/ul>\n","protected":false},"featured_media":524,"comment_status":"open","ping_status":"closed","template":"","meta":[],"product_cat":[25,48,49,45,31,30,46,21],"product_tag":[],"class_list":{"0":"post-506","1":"product","2":"type-product","3":"status-publish","4":"has-post-thumbnail","6":"product_cat-knihy-psani-a-malovani","7":"product_cat-kosmeticke-tasky","8":"product_cat-kosmeticke-tasticky","9":"product_cat-obaly","10":"product_cat-obaly-na-diare","11":"product_cat-obaly-na-knihy","12":"product_cat-obaly-na-tablety","13":"product_cat-pouzdra","15":"first","16":"instock","17":"taxable","18":"shipping-taxable","19":"purchasable","20":"product-type-simple"},"_links":{"self":[{"href":"https:\/\/krajlevandule.com\/index.php\/wp-json\/wp\/v2\/product\/506"}],"collection":[{"href":"https:\/\/krajlevandule.com\/index.php\/wp-json\/wp\/v2\/product"}],"about":[{"href":"https:\/\/krajlevandule.com\/index.php\/wp-json\/wp\/v2\/types\/product"}],"replies":[{"embeddable":true,"href":"https:\/\/krajlevandule.com\/index.php\/wp-json\/wp\/v2\/comments?post=506"}],"wp:featuredmedia":[{"embeddable":true,"href":"https:\/\/krajlevandule.com\/index.php\/wp-json\/wp\/v2\/media\/524"}],"wp:attachment":[{"href":"https:\/\/krajlevandule.com\/index.php\/wp-json\/wp\/v2\/media?parent=506"}],"wp:term":[{"taxonomy":"product_cat","embeddable":true,"href":"https:\/\/krajlevandule.com\/index.php\/wp-json\/wp\/v2\/product_cat?post=506"},{"taxonomy":"product_tag","embeddable":true,"href":"https:\/\/krajlevandule.com\/index.php\/wp-json\/wp\/v2\/product_tag?post=506"}],"curies":[{"name":"wp","href":"https:\/\/api.w.org\/{rel}","templated":true}]}}