{"id":449,"date":"2025-01-25T19:12:41","date_gmt":"2025-01-25T18:12:41","guid":{"rendered":"https:\/\/krajlevandule.com\/?post_type=product&#038;p=449"},"modified":"2025-01-25T19:13:13","modified_gmt":"2025-01-25T18:13:13","slug":"pouzdro-na-knihu-diar-ctecku","status":"publish","type":"product","link":"https:\/\/krajlevandule.com\/index.php\/produkt\/pouzdro-na-knihu-diar-ctecku\/","title":{"rendered":"Pouzdro na knihu, di\u00e1\u0159,  \u010dte\u010dku"},"content":{"rendered":"<p>Kr\u00e1sn\u00e9 vesel\u00e9 \u017elut\u00e9 pouzdro s kv\u00edtky. Hust\u011b proquiltovan\u00fd obal s ko\u017een\u00fdmi poutky, pevn\u00fd tak, \u017ee ochr\u00e1n\u00ed kr\u00e1sn\u011b v\u00e1\u0161 tablet, \u010dte\u010dku \u010di jinou va\u0161i cennost.<\/p>\n","protected":false},"excerpt":{"rendered":"<ul>\n<li>Pouzdro proquiltovan\u00e9<\/li>\n<li>Bavln\u011bn\u00e1 l\u00e1tka s termol\u00ednovou v\u00fdpln\u00ed<\/li>\n<li>Pr\u00e1t mo\u017eno v ruce<\/li>\n<\/ul>\n","protected":false},"featured_media":526,"comment_status":"open","ping_status":"closed","template":"","meta":[],"product_cat":[25,48,45,31,30,46,21,24],"product_tag":[],"class_list":{"0":"post-449","1":"product","2":"type-product","3":"status-publish","4":"has-post-thumbnail","6":"product_cat-knihy-psani-a-malovani","7":"product_cat-kosmeticke-tasky","8":"product_cat-obaly","9":"product_cat-obaly-na-diare","10":"product_cat-obaly-na-knihy","11":"product_cat-obaly-na-tablety","12":"product_cat-pouzdra","13":"product_cat-psani-a-malovani","15":"first","16":"instock","17":"taxable","18":"shipping-taxable","19":"purchasable","20":"product-type-simple"},"_links":{"self":[{"href":"https:\/\/krajlevandule.com\/index.php\/wp-json\/wp\/v2\/product\/449"}],"collection":[{"href":"https:\/\/krajlevandule.com\/index.php\/wp-json\/wp\/v2\/product"}],"about":[{"href":"https:\/\/krajlevandule.com\/index.php\/wp-json\/wp\/v2\/types\/product"}],"replies":[{"embeddable":true,"href":"https:\/\/krajlevandule.com\/index.php\/wp-json\/wp\/v2\/comments?post=449"}],"wp:featuredmedia":[{"embeddable":true,"href":"https:\/\/krajlevandule.com\/index.php\/wp-json\/wp\/v2\/media\/526"}],"wp:attachment":[{"href":"https:\/\/krajlevandule.com\/index.php\/wp-json\/wp\/v2\/media?parent=449"}],"wp:term":[{"taxonomy":"product_cat","embeddable":true,"href":"https:\/\/krajlevandule.com\/index.php\/wp-json\/wp\/v2\/product_cat?post=449"},{"taxonomy":"product_tag","embeddable":true,"href":"https:\/\/krajlevandule.com\/index.php\/wp-json\/wp\/v2\/product_tag?post=449"}],"curies":[{"name":"wp","href":"https:\/\/api.w.org\/{rel}","templated":true}]}}