{"id":446,"date":"2025-01-12T19:34:36","date_gmt":"2025-01-12T18:34:36","guid":{"rendered":"https:\/\/krajlevandule.com\/?post_type=product&#038;p=446"},"modified":"2025-01-12T19:34:36","modified_gmt":"2025-01-12T18:34:36","slug":"perickove-pouzdro-na-bryle-propisky-drobnosti","status":"publish","type":"product","link":"https:\/\/krajlevandule.com\/index.php\/produkt\/perickove-pouzdro-na-bryle-propisky-drobnosti\/","title":{"rendered":"Pe\u0159\u00ed\u010dkov\u00e9 pouzdro na br\u00fdle, propisky, drobnosti"},"content":{"rendered":"<p>Pouzdro na br\u00fdle, propisky, drobnosti<\/p>\n","protected":false},"excerpt":{"rendered":"<p>Pe\u0159\u00ed\u010dkov\u00e9 pozdro na drobnosti, br\u00fdle, kl\u00ed\u010de, propisky \u010di rt\u011bnku:)<\/p>\n<ul>\n<li>m\u011bkkou\u010dk\u00e9 pouzdro s pe\u0159\u00ed\u010dky s ko\u017een\u00fdm poutkem<\/li>\n<\/ul>\n","protected":false},"featured_media":429,"comment_status":"open","ping_status":"closed","template":"","meta":[],"product_cat":[25,48,49,28,21],"product_tag":[],"class_list":{"0":"post-446","1":"product","2":"type-product","3":"status-publish","4":"has-post-thumbnail","6":"product_cat-knihy-psani-a-malovani","7":"product_cat-kosmeticke-tasky","8":"product_cat-kosmeticke-tasticky","9":"product_cat-penaly","10":"product_cat-pouzdra","12":"first","13":"instock","14":"taxable","15":"shipping-taxable","16":"purchasable","17":"product-type-simple"},"_links":{"self":[{"href":"https:\/\/krajlevandule.com\/index.php\/wp-json\/wp\/v2\/product\/446"}],"collection":[{"href":"https:\/\/krajlevandule.com\/index.php\/wp-json\/wp\/v2\/product"}],"about":[{"href":"https:\/\/krajlevandule.com\/index.php\/wp-json\/wp\/v2\/types\/product"}],"replies":[{"embeddable":true,"href":"https:\/\/krajlevandule.com\/index.php\/wp-json\/wp\/v2\/comments?post=446"}],"wp:featuredmedia":[{"embeddable":true,"href":"https:\/\/krajlevandule.com\/index.php\/wp-json\/wp\/v2\/media\/429"}],"wp:attachment":[{"href":"https:\/\/krajlevandule.com\/index.php\/wp-json\/wp\/v2\/media?parent=446"}],"wp:term":[{"taxonomy":"product_cat","embeddable":true,"href":"https:\/\/krajlevandule.com\/index.php\/wp-json\/wp\/v2\/product_cat?post=446"},{"taxonomy":"product_tag","embeddable":true,"href":"https:\/\/krajlevandule.com\/index.php\/wp-json\/wp\/v2\/product_tag?post=446"}],"curies":[{"name":"wp","href":"https:\/\/api.w.org\/{rel}","templated":true}]}}