{"id":433,"date":"2025-01-12T19:26:33","date_gmt":"2025-01-12T18:26:33","guid":{"rendered":"https:\/\/krajlevandule.com\/?post_type=product&#038;p=433"},"modified":"2025-01-12T19:27:19","modified_gmt":"2025-01-12T18:27:19","slug":"barevny-obal-na-tablet-ctecku-knihu","status":"publish","type":"product","link":"https:\/\/krajlevandule.com\/index.php\/produkt\/barevny-obal-na-tablet-ctecku-knihu\/","title":{"rendered":"Barevn\u00fd obal na tablet, \u010dte\u010dku, knihu"},"content":{"rendered":"<p>Barevn\u00fd m\u011bkk\u00fd obal na tablet, knihu, \u010dte\u010dku<\/p>\n","protected":false},"excerpt":{"rendered":"<p>P\u0159\u00edjemn\u011b m\u011bkk\u00fd falnelov\u00fd obal na kn\u00ed\u017eku, \u010dte\u010dku, di\u00e1\u0159, tablet.<\/p>\n<ul>\n<li>v\u00fdpl\u0148\u00ed je stilvil, kter\u00fd dr\u017e\u00ed kr\u00e1sn\u011b tvar a z\u00e1rove\u0148 udr\u017e\u00ed v\u0161e p\u011bkn\u011b v bezpe\u010d\u00ed<\/li>\n<\/ul>\n","protected":false},"featured_media":438,"comment_status":"open","ping_status":"closed","template":"","meta":[],"product_cat":[25,45,31,30,46,21],"product_tag":[],"class_list":{"0":"post-433","1":"product","2":"type-product","3":"status-publish","4":"has-post-thumbnail","6":"product_cat-knihy-psani-a-malovani","7":"product_cat-obaly","8":"product_cat-obaly-na-diare","9":"product_cat-obaly-na-knihy","10":"product_cat-obaly-na-tablety","11":"product_cat-pouzdra","13":"first","14":"instock","15":"taxable","16":"shipping-taxable","17":"purchasable","18":"product-type-simple"},"_links":{"self":[{"href":"https:\/\/krajlevandule.com\/index.php\/wp-json\/wp\/v2\/product\/433"}],"collection":[{"href":"https:\/\/krajlevandule.com\/index.php\/wp-json\/wp\/v2\/product"}],"about":[{"href":"https:\/\/krajlevandule.com\/index.php\/wp-json\/wp\/v2\/types\/product"}],"replies":[{"embeddable":true,"href":"https:\/\/krajlevandule.com\/index.php\/wp-json\/wp\/v2\/comments?post=433"}],"wp:featuredmedia":[{"embeddable":true,"href":"https:\/\/krajlevandule.com\/index.php\/wp-json\/wp\/v2\/media\/438"}],"wp:attachment":[{"href":"https:\/\/krajlevandule.com\/index.php\/wp-json\/wp\/v2\/media?parent=433"}],"wp:term":[{"taxonomy":"product_cat","embeddable":true,"href":"https:\/\/krajlevandule.com\/index.php\/wp-json\/wp\/v2\/product_cat?post=433"},{"taxonomy":"product_tag","embeddable":true,"href":"https:\/\/krajlevandule.com\/index.php\/wp-json\/wp\/v2\/product_tag?post=433"}],"curies":[{"name":"wp","href":"https:\/\/api.w.org\/{rel}","templated":true}]}}