{"id":418,"date":"2025-01-12T19:01:20","date_gmt":"2025-01-12T18:01:20","guid":{"rendered":"https:\/\/krajlevandule.com\/?post_type=product&#038;p=418"},"modified":"2025-01-12T19:01:20","modified_gmt":"2025-01-12T18:01:20","slug":"perickove-pouzdro-na-knihu-ctecku-tablet","status":"publish","type":"product","link":"https:\/\/krajlevandule.com\/index.php\/produkt\/perickove-pouzdro-na-knihu-ctecku-tablet\/","title":{"rendered":"Pe\u0159\u00ed\u010dkov\u00e9 pouzdro na knihu, \u010dte\u010dku, tablet"},"content":{"rendered":"<p>Obal na knihu, tablet, \u010dte\u010dku<\/p>\n","protected":false},"excerpt":{"rendered":"<p>Pe\u0159\u00ed\u010dkov\u00fd m\u011bkkou\u010dk\u00fd obal na v\u0161e pot\u0159ebn\u00e9.<\/p>\n<ul>\n<li>V\u00fdpn\u00ed je stilvil, kter\u00fd dr\u017e\u00ed tvar a tvo\u0159\u00ed m\u011bkkou ochranu va\u0161im cennostem.<\/li>\n<\/ul>\n","protected":false},"featured_media":426,"comment_status":"open","ping_status":"closed","template":"","meta":[],"product_cat":[25,45,31,30,46,21],"product_tag":[],"class_list":{"0":"post-418","1":"product","2":"type-product","3":"status-publish","4":"has-post-thumbnail","6":"product_cat-knihy-psani-a-malovani","7":"product_cat-obaly","8":"product_cat-obaly-na-diare","9":"product_cat-obaly-na-knihy","10":"product_cat-obaly-na-tablety","11":"product_cat-pouzdra","13":"first","14":"instock","15":"taxable","16":"shipping-taxable","17":"purchasable","18":"product-type-simple"},"_links":{"self":[{"href":"https:\/\/krajlevandule.com\/index.php\/wp-json\/wp\/v2\/product\/418"}],"collection":[{"href":"https:\/\/krajlevandule.com\/index.php\/wp-json\/wp\/v2\/product"}],"about":[{"href":"https:\/\/krajlevandule.com\/index.php\/wp-json\/wp\/v2\/types\/product"}],"replies":[{"embeddable":true,"href":"https:\/\/krajlevandule.com\/index.php\/wp-json\/wp\/v2\/comments?post=418"}],"wp:featuredmedia":[{"embeddable":true,"href":"https:\/\/krajlevandule.com\/index.php\/wp-json\/wp\/v2\/media\/426"}],"wp:attachment":[{"href":"https:\/\/krajlevandule.com\/index.php\/wp-json\/wp\/v2\/media?parent=418"}],"wp:term":[{"taxonomy":"product_cat","embeddable":true,"href":"https:\/\/krajlevandule.com\/index.php\/wp-json\/wp\/v2\/product_cat?post=418"},{"taxonomy":"product_tag","embeddable":true,"href":"https:\/\/krajlevandule.com\/index.php\/wp-json\/wp\/v2\/product_tag?post=418"}],"curies":[{"name":"wp","href":"https:\/\/api.w.org\/{rel}","templated":true}]}}