{"id":41,"date":"2024-03-11T01:21:31","date_gmt":"2024-03-11T00:21:31","guid":{"rendered":"https:\/\/krajlevandule.com\/?post_type=product&#038;p=41"},"modified":"2024-04-01T12:27:56","modified_gmt":"2024-04-01T10:27:56","slug":"kocici-taska","status":"publish","type":"product","link":"https:\/\/krajlevandule.com\/index.php\/produkt\/kocici-taska\/","title":{"rendered":"Ko\u010di\u010d\u00ed kosmetick\u00e1 ta\u0161ti\u010dka s aplikacemi"},"content":{"rendered":"<p>Ta\u0161ti\u010dka na nejr\u016fzn\u011bj\u0161\u00ed drobnosti &#8230; kosmetika, br\u00fdle, doklady.<\/p>\n<p>Perte na 30 stup\u0148\u016f<\/p>\n","protected":false},"excerpt":{"rendered":"<p>Ta\u0161ti\u010dka na drobnosti.<\/p>\n<p>Ko\u010di\u010d\u00ed fraje\u0159i jsou naaplikov\u00e1ni<\/p>\n","protected":false},"featured_media":42,"comment_status":"open","ping_status":"closed","template":"","meta":[],"product_cat":[50,20],"product_tag":[51,37,39],"class_list":{"0":"post-41","1":"product","2":"type-product","3":"status-publish","4":"has-post-thumbnail","6":"product_cat-kosmeticke-tasticky-tasky","7":"product_cat-tasky","8":"product_tag-kosmeticke","9":"product_tag-mnohobarevna","10":"product_tag-tasky","12":"first","13":"outofstock","14":"taxable","15":"shipping-taxable","16":"product-type-simple"},"_links":{"self":[{"href":"https:\/\/krajlevandule.com\/index.php\/wp-json\/wp\/v2\/product\/41"}],"collection":[{"href":"https:\/\/krajlevandule.com\/index.php\/wp-json\/wp\/v2\/product"}],"about":[{"href":"https:\/\/krajlevandule.com\/index.php\/wp-json\/wp\/v2\/types\/product"}],"replies":[{"embeddable":true,"href":"https:\/\/krajlevandule.com\/index.php\/wp-json\/wp\/v2\/comments?post=41"}],"wp:featuredmedia":[{"embeddable":true,"href":"https:\/\/krajlevandule.com\/index.php\/wp-json\/wp\/v2\/media\/42"}],"wp:attachment":[{"href":"https:\/\/krajlevandule.com\/index.php\/wp-json\/wp\/v2\/media?parent=41"}],"wp:term":[{"taxonomy":"product_cat","embeddable":true,"href":"https:\/\/krajlevandule.com\/index.php\/wp-json\/wp\/v2\/product_cat?post=41"},{"taxonomy":"product_tag","embeddable":true,"href":"https:\/\/krajlevandule.com\/index.php\/wp-json\/wp\/v2\/product_tag?post=41"}],"curies":[{"name":"wp","href":"https:\/\/api.w.org\/{rel}","templated":true}]}}