{"id":39,"date":"2024-03-11T01:13:08","date_gmt":"2024-03-11T00:13:08","guid":{"rendered":"https:\/\/krajlevandule.com\/?post_type=product&#038;p=39"},"modified":"2024-04-01T12:28:02","modified_gmt":"2024-04-01T10:28:02","slug":"sovicka","status":"publish","type":"product","link":"https:\/\/krajlevandule.com\/index.php\/produkt\/sovicka\/","title":{"rendered":"Nah\u0159\u00edvac\u00ed pol\u0161t\u00e1\u0159ek Sovi\u010dka"},"content":{"rendered":"<p>Pohankov\u00fd pol\u0161t\u00e1\u0159ek. Mo\u017en\u00e9 nah\u0159\u00e1t\u00ed (mikrovlka, \u017eehli\u010dka). Sn\u00edmateln\u00fd prateln\u00fd potah.<\/p>\n","protected":false},"excerpt":{"rendered":"<p>Nah\u0159\u00edvac\u00ed pol\u0161t\u00e1\u0159ek tvaru sovi\u010dky.<\/p>\n<p>Zah\u0159eje cokoliv (v rozumn\u00fdch mez\u00edch)<\/p>\n<p>&nbsp;<\/p>\n","protected":false},"featured_media":40,"comment_status":"open","ping_status":"closed","template":"","meta":[],"product_cat":[16],"product_tag":[38,36,37],"class_list":{"0":"post-39","1":"product","2":"type-product","3":"status-publish","4":"has-post-thumbnail","6":"product_cat-nezarazene","7":"product_tag-darky","8":"product_tag-dekorace","9":"product_tag-mnohobarevna","11":"first","12":"outofstock","13":"taxable","14":"shipping-taxable","15":"product-type-simple"},"_links":{"self":[{"href":"https:\/\/krajlevandule.com\/index.php\/wp-json\/wp\/v2\/product\/39"}],"collection":[{"href":"https:\/\/krajlevandule.com\/index.php\/wp-json\/wp\/v2\/product"}],"about":[{"href":"https:\/\/krajlevandule.com\/index.php\/wp-json\/wp\/v2\/types\/product"}],"replies":[{"embeddable":true,"href":"https:\/\/krajlevandule.com\/index.php\/wp-json\/wp\/v2\/comments?post=39"}],"wp:featuredmedia":[{"embeddable":true,"href":"https:\/\/krajlevandule.com\/index.php\/wp-json\/wp\/v2\/media\/40"}],"wp:attachment":[{"href":"https:\/\/krajlevandule.com\/index.php\/wp-json\/wp\/v2\/media?parent=39"}],"wp:term":[{"taxonomy":"product_cat","embeddable":true,"href":"https:\/\/krajlevandule.com\/index.php\/wp-json\/wp\/v2\/product_cat?post=39"},{"taxonomy":"product_tag","embeddable":true,"href":"https:\/\/krajlevandule.com\/index.php\/wp-json\/wp\/v2\/product_tag?post=39"}],"curies":[{"name":"wp","href":"https:\/\/api.w.org\/{rel}","templated":true}]}}