{"id":385,"date":"2024-08-25T19:44:59","date_gmt":"2024-08-25T17:44:59","guid":{"rendered":"https:\/\/krajlevandule.com\/?post_type=product&#038;p=385"},"modified":"2025-01-14T21:14:02","modified_gmt":"2025-01-14T20:14:02","slug":"sada-prostirani-4-kusy","status":"publish","type":"product","link":"https:\/\/krajlevandule.com\/index.php\/produkt\/sada-prostirani-4-kusy\/","title":{"rendered":"Sada prost\u00edr\u00e1n\u00ed (4 kusy)"},"content":{"rendered":"<div id=\"tab-description\" class=\"woocommerce-Tabs-panel woocommerce-Tabs-panel--description panel entry-content is-layout-flow wc-tab\" role=\"tabpanel\" aria-labelledby=\"tab-title-description\">\n<p>Hust\u011b proquiltovan\u00e9 prost\u00edrky z kvalitn\u00edch bavln\u011bn\u00fdchl\u00e1tek.<\/p>\n<p>V\u00fdpl\u0148 termol\u00edn.<\/p>\n<p>Mo\u017eno pr\u00e1t v pra\u010dce na 30 stup\u0148\u016f.<\/p>\n<\/div>\n","protected":false},"excerpt":{"rendered":"<p>Nesmrteln\u00e1 mnohobarevn\u00e1 prost\u00edrka. \u010cty\u0159i komplement\u00e1rn\u00ed kusy. Zhruba 30&#215;40 cm.<\/p>\n","protected":false},"featured_media":348,"comment_status":"open","ping_status":"closed","template":"","meta":[],"product_cat":[55,54],"product_tag":[],"class_list":{"0":"post-385","1":"product","2":"type-product","3":"status-publish","4":"has-post-thumbnail","6":"product_cat-prostirani","7":"product_cat-stolovani","9":"first","10":"outofstock","11":"taxable","12":"shipping-taxable","13":"purchasable","14":"product-type-simple"},"_links":{"self":[{"href":"https:\/\/krajlevandule.com\/index.php\/wp-json\/wp\/v2\/product\/385"}],"collection":[{"href":"https:\/\/krajlevandule.com\/index.php\/wp-json\/wp\/v2\/product"}],"about":[{"href":"https:\/\/krajlevandule.com\/index.php\/wp-json\/wp\/v2\/types\/product"}],"replies":[{"embeddable":true,"href":"https:\/\/krajlevandule.com\/index.php\/wp-json\/wp\/v2\/comments?post=385"}],"wp:featuredmedia":[{"embeddable":true,"href":"https:\/\/krajlevandule.com\/index.php\/wp-json\/wp\/v2\/media\/348"}],"wp:attachment":[{"href":"https:\/\/krajlevandule.com\/index.php\/wp-json\/wp\/v2\/media?parent=385"}],"wp:term":[{"taxonomy":"product_cat","embeddable":true,"href":"https:\/\/krajlevandule.com\/index.php\/wp-json\/wp\/v2\/product_cat?post=385"},{"taxonomy":"product_tag","embeddable":true,"href":"https:\/\/krajlevandule.com\/index.php\/wp-json\/wp\/v2\/product_tag?post=385"}],"curies":[{"name":"wp","href":"https:\/\/api.w.org\/{rel}","templated":true}]}}