{"id":382,"date":"2024-08-25T19:35:57","date_gmt":"2024-08-25T17:35:57","guid":{"rendered":"https:\/\/krajlevandule.com\/?post_type=product&#038;p=382"},"modified":"2024-09-17T15:23:27","modified_gmt":"2024-09-17T13:23:27","slug":"pastelkovnik-cerveny-s-tenkymi-koh-i-noor-pastelkami","status":"publish","type":"product","link":"https:\/\/krajlevandule.com\/index.php\/produkt\/pastelkovnik-cerveny-s-tenkymi-koh-i-noor-pastelkami\/","title":{"rendered":"Pastelkovn\u00edk \u010derven\u00fd s tenk\u00fdmi Koh-i-noor pastelkami"},"content":{"rendered":"<div id=\"tab-description\" class=\"woocommerce-Tabs-panel woocommerce-Tabs-panel--description panel entry-content is-layout-flow wc-tab\" role=\"tabpanel\" aria-labelledby=\"tab-title-description\">\n<p>Hust\u011b proquiltovan\u00fd obal na pastelky z kvalitn\u00edch bavln\u011bn\u00fdch l\u00e1tek.<\/p>\n<p>Mo\u017eno pr\u00e1t na 30 stup\u0148\u016f v pra\u010dce.<\/p>\n<\/div>\n","protected":false},"excerpt":{"rendered":"<p>Proquiltovan\u00fd pastelkovn\u00edk na 24 pis\u00e1tek. Spolu s kvalitn\u00edmi pastelkami Koh-i-noor.<\/p>\n","protected":false},"featured_media":358,"comment_status":"open","ping_status":"closed","template":"","meta":[],"product_cat":[25,45,29,28,21],"product_tag":[],"class_list":{"0":"post-382","1":"product","2":"type-product","3":"status-publish","4":"has-post-thumbnail","6":"product_cat-knihy-psani-a-malovani","7":"product_cat-obaly","8":"product_cat-pastelkovniky","9":"product_cat-penaly","10":"product_cat-pouzdra","12":"first","13":"instock","14":"taxable","15":"shipping-taxable","16":"purchasable","17":"product-type-simple"},"_links":{"self":[{"href":"https:\/\/krajlevandule.com\/index.php\/wp-json\/wp\/v2\/product\/382"}],"collection":[{"href":"https:\/\/krajlevandule.com\/index.php\/wp-json\/wp\/v2\/product"}],"about":[{"href":"https:\/\/krajlevandule.com\/index.php\/wp-json\/wp\/v2\/types\/product"}],"replies":[{"embeddable":true,"href":"https:\/\/krajlevandule.com\/index.php\/wp-json\/wp\/v2\/comments?post=382"}],"wp:featuredmedia":[{"embeddable":true,"href":"https:\/\/krajlevandule.com\/index.php\/wp-json\/wp\/v2\/media\/358"}],"wp:attachment":[{"href":"https:\/\/krajlevandule.com\/index.php\/wp-json\/wp\/v2\/media?parent=382"}],"wp:term":[{"taxonomy":"product_cat","embeddable":true,"href":"https:\/\/krajlevandule.com\/index.php\/wp-json\/wp\/v2\/product_cat?post=382"},{"taxonomy":"product_tag","embeddable":true,"href":"https:\/\/krajlevandule.com\/index.php\/wp-json\/wp\/v2\/product_tag?post=382"}],"curies":[{"name":"wp","href":"https:\/\/api.w.org\/{rel}","templated":true}]}}