{"id":381,"date":"2024-08-25T19:32:22","date_gmt":"2024-08-25T17:32:22","guid":{"rendered":"https:\/\/krajlevandule.com\/?post_type=product&#038;p=381"},"modified":"2024-08-25T19:32:22","modified_gmt":"2024-08-25T17:32:22","slug":"pastelkovnik-ruzovo-zeleny-s-koh-i-noor-pastelkami","status":"publish","type":"product","link":"https:\/\/krajlevandule.com\/index.php\/produkt\/pastelkovnik-ruzovo-zeleny-s-koh-i-noor-pastelkami\/","title":{"rendered":"Pastelkovn\u00edk r\u016f\u017eovo-zelen\u00fd s Koh-i-noor pastelkami"},"content":{"rendered":"<p>Hust\u011b proquiltovan\u00fd obal na pastelky z kvalitn\u00edch bavln\u011bn\u00fdch l\u00e1tek.<\/p>\n<p>Mo\u017eno pr\u00e1t na 30 stup\u0148\u016f v pra\u010dce.<\/p>\n","protected":false},"excerpt":{"rendered":"<p>Proquiltovan\u00fd pastelkovn\u00edk na 24 pis\u00e1tek. Spolu s kvalitn\u00edmi pastelkami Koh-i-noor.<\/p>\n","protected":false},"featured_media":354,"comment_status":"open","ping_status":"closed","template":"","meta":[],"product_cat":[25,45,29,28,21],"product_tag":[],"class_list":{"0":"post-381","1":"product","2":"type-product","3":"status-publish","4":"has-post-thumbnail","6":"product_cat-knihy-psani-a-malovani","7":"product_cat-obaly","8":"product_cat-pastelkovniky","9":"product_cat-penaly","10":"product_cat-pouzdra","12":"first","13":"instock","14":"taxable","15":"shipping-taxable","16":"purchasable","17":"product-type-simple"},"_links":{"self":[{"href":"https:\/\/krajlevandule.com\/index.php\/wp-json\/wp\/v2\/product\/381"}],"collection":[{"href":"https:\/\/krajlevandule.com\/index.php\/wp-json\/wp\/v2\/product"}],"about":[{"href":"https:\/\/krajlevandule.com\/index.php\/wp-json\/wp\/v2\/types\/product"}],"replies":[{"embeddable":true,"href":"https:\/\/krajlevandule.com\/index.php\/wp-json\/wp\/v2\/comments?post=381"}],"wp:featuredmedia":[{"embeddable":true,"href":"https:\/\/krajlevandule.com\/index.php\/wp-json\/wp\/v2\/media\/354"}],"wp:attachment":[{"href":"https:\/\/krajlevandule.com\/index.php\/wp-json\/wp\/v2\/media?parent=381"}],"wp:term":[{"taxonomy":"product_cat","embeddable":true,"href":"https:\/\/krajlevandule.com\/index.php\/wp-json\/wp\/v2\/product_cat?post=381"},{"taxonomy":"product_tag","embeddable":true,"href":"https:\/\/krajlevandule.com\/index.php\/wp-json\/wp\/v2\/product_tag?post=381"}],"curies":[{"name":"wp","href":"https:\/\/api.w.org\/{rel}","templated":true}]}}