{"id":379,"date":"2024-08-25T19:22:52","date_gmt":"2024-08-25T17:22:52","guid":{"rendered":"https:\/\/krajlevandule.com\/?post_type=product&#038;p=379"},"modified":"2024-08-25T19:24:25","modified_gmt":"2024-08-25T17:24:25","slug":"3d-prosite-pouzdro-na-tablet-ctecku-knihu-dokumenty","status":"publish","type":"product","link":"https:\/\/krajlevandule.com\/index.php\/produkt\/3d-prosite-pouzdro-na-tablet-ctecku-knihu-dokumenty\/","title":{"rendered":"3D pro\u0161it\u00e9 pouzdro na tablet, \u010dte\u010dku, knihu, dokumenty"},"content":{"rendered":"<div id=\"tab-description\" class=\"woocommerce-Tabs-panel woocommerce-Tabs-panel--description panel entry-content is-layout-flow wc-tab\" role=\"tabpanel\" aria-labelledby=\"tab-title-description\">\n<p>U\u0161ito z v\u00fdb\u011brov\u00e9 bavlny v kombinaci s k\u016f\u017e\u00ed.<\/p>\n<p>Mo\u017eno pr\u00e1t v ruce na 30 stup\u0148\u016f.<\/p>\n<\/div>\n","protected":false},"excerpt":{"rendered":"<p>3D proquiltovan\u00e9 pouzdro na knihu, di\u00e1\u0159, \u010dte\u010dku, drobnosti, dokumenty s vynikav\u0161\u00edmi plastick\u00fdmi vzory.<\/p>\n","protected":false},"featured_media":364,"comment_status":"open","ping_status":"closed","template":"","meta":[],"product_cat":[45,31,30,46,21],"product_tag":[],"class_list":{"0":"post-379","1":"product","2":"type-product","3":"status-publish","4":"has-post-thumbnail","6":"product_cat-obaly","7":"product_cat-obaly-na-diare","8":"product_cat-obaly-na-knihy","9":"product_cat-obaly-na-tablety","10":"product_cat-pouzdra","12":"first","13":"instock","14":"taxable","15":"shipping-taxable","16":"purchasable","17":"product-type-simple"},"_links":{"self":[{"href":"https:\/\/krajlevandule.com\/index.php\/wp-json\/wp\/v2\/product\/379"}],"collection":[{"href":"https:\/\/krajlevandule.com\/index.php\/wp-json\/wp\/v2\/product"}],"about":[{"href":"https:\/\/krajlevandule.com\/index.php\/wp-json\/wp\/v2\/types\/product"}],"replies":[{"embeddable":true,"href":"https:\/\/krajlevandule.com\/index.php\/wp-json\/wp\/v2\/comments?post=379"}],"wp:featuredmedia":[{"embeddable":true,"href":"https:\/\/krajlevandule.com\/index.php\/wp-json\/wp\/v2\/media\/364"}],"wp:attachment":[{"href":"https:\/\/krajlevandule.com\/index.php\/wp-json\/wp\/v2\/media?parent=379"}],"wp:term":[{"taxonomy":"product_cat","embeddable":true,"href":"https:\/\/krajlevandule.com\/index.php\/wp-json\/wp\/v2\/product_cat?post=379"},{"taxonomy":"product_tag","embeddable":true,"href":"https:\/\/krajlevandule.com\/index.php\/wp-json\/wp\/v2\/product_tag?post=379"}],"curies":[{"name":"wp","href":"https:\/\/api.w.org\/{rel}","templated":true}]}}