{"id":378,"date":"2024-08-25T19:14:12","date_gmt":"2024-08-25T17:14:12","guid":{"rendered":"https:\/\/krajlevandule.com\/?post_type=product&#038;p=378"},"modified":"2024-09-17T15:22:51","modified_gmt":"2024-09-17T13:22:51","slug":"pouzdro-na-tablet-ctecku-knihu-dokumenty","status":"publish","type":"product","link":"https:\/\/krajlevandule.com\/index.php\/produkt\/pouzdro-na-tablet-ctecku-knihu-dokumenty\/","title":{"rendered":"Pouzdro na tablet, \u010dte\u010dku, knihu, dokumenty"},"content":{"rendered":"<p>Hust\u011b proquiltovan\u00e9 pouzdro na knihu, di\u00e1\u0159, \u010dte\u010dku, drobnosti, dokumenty.<\/p>\n<p>U\u0161ito z v\u00fdb\u011brov\u00e9 bavlny v kombinaci s k\u016f\u017e\u00ed.<\/p>\n<p>Mo\u017eno pr\u00e1t v ruce na 30 stup\u0148\u016f.<\/p>\n","protected":false},"excerpt":{"rendered":"<p>Kr\u00e1sn\u011b proquiltovan\u00e9 pouzdro na knihu, di\u00e1\u0159, \u010dte\u010dku, drobnosti, dokumenty.<\/p>\n<p>Zhruba 28&#215;32 cm<\/p>\n","protected":false},"featured_media":369,"comment_status":"open","ping_status":"closed","template":"","meta":[],"product_cat":[45,31,30,46],"product_tag":[],"class_list":{"0":"post-378","1":"product","2":"type-product","3":"status-publish","4":"has-post-thumbnail","6":"product_cat-obaly","7":"product_cat-obaly-na-diare","8":"product_cat-obaly-na-knihy","9":"product_cat-obaly-na-tablety","11":"first","12":"instock","13":"taxable","14":"shipping-taxable","15":"purchasable","16":"product-type-simple"},"_links":{"self":[{"href":"https:\/\/krajlevandule.com\/index.php\/wp-json\/wp\/v2\/product\/378"}],"collection":[{"href":"https:\/\/krajlevandule.com\/index.php\/wp-json\/wp\/v2\/product"}],"about":[{"href":"https:\/\/krajlevandule.com\/index.php\/wp-json\/wp\/v2\/types\/product"}],"replies":[{"embeddable":true,"href":"https:\/\/krajlevandule.com\/index.php\/wp-json\/wp\/v2\/comments?post=378"}],"wp:featuredmedia":[{"embeddable":true,"href":"https:\/\/krajlevandule.com\/index.php\/wp-json\/wp\/v2\/media\/369"}],"wp:attachment":[{"href":"https:\/\/krajlevandule.com\/index.php\/wp-json\/wp\/v2\/media?parent=378"}],"wp:term":[{"taxonomy":"product_cat","embeddable":true,"href":"https:\/\/krajlevandule.com\/index.php\/wp-json\/wp\/v2\/product_cat?post=378"},{"taxonomy":"product_tag","embeddable":true,"href":"https:\/\/krajlevandule.com\/index.php\/wp-json\/wp\/v2\/product_tag?post=378"}],"curies":[{"name":"wp","href":"https:\/\/api.w.org\/{rel}","templated":true}]}}