{"id":347,"date":"2024-08-25T19:02:19","date_gmt":"2024-08-25T17:02:19","guid":{"rendered":"https:\/\/krajlevandule.com\/?post_type=product&#038;p=347"},"modified":"2025-01-12T18:19:10","modified_gmt":"2025-01-12T17:19:10","slug":"pouzdro-na-knihu-diar-drobnosti","status":"publish","type":"product","link":"https:\/\/krajlevandule.com\/index.php\/produkt\/pouzdro-na-knihu-diar-drobnosti\/","title":{"rendered":"Pouzdro na knihu, di\u00e1\u0159, drobnosti"},"content":{"rendered":"<p>U\u0161ito z v\u00fdb\u011brov\u00e9ho flanelu v kombinaci s k\u016f\u017e\u00ed.<\/p>\n<p>V\u00fdpl\u0148 termol\u00edn.<\/p>\n<p>Mo\u017eno pr\u00e1t v ruce na 30 stup\u0148\u016f.<\/p>\n","protected":false},"excerpt":{"rendered":"<p>Kr\u00e1sn\u011b proquiltovan\u00e9 pouzdro na knihu, di\u00e1\u0159, \u010dte\u010dku, drobnosti.<\/p>\n<p>&nbsp;<\/p>\n","protected":false},"featured_media":375,"comment_status":"open","ping_status":"closed","template":"","meta":[],"product_cat":[45,31,30,21],"product_tag":[],"class_list":{"0":"post-347","1":"product","2":"type-product","3":"status-publish","4":"has-post-thumbnail","6":"product_cat-obaly","7":"product_cat-obaly-na-diare","8":"product_cat-obaly-na-knihy","9":"product_cat-pouzdra","11":"first","12":"outofstock","13":"taxable","14":"shipping-taxable","15":"purchasable","16":"product-type-simple"},"_links":{"self":[{"href":"https:\/\/krajlevandule.com\/index.php\/wp-json\/wp\/v2\/product\/347"}],"collection":[{"href":"https:\/\/krajlevandule.com\/index.php\/wp-json\/wp\/v2\/product"}],"about":[{"href":"https:\/\/krajlevandule.com\/index.php\/wp-json\/wp\/v2\/types\/product"}],"replies":[{"embeddable":true,"href":"https:\/\/krajlevandule.com\/index.php\/wp-json\/wp\/v2\/comments?post=347"}],"wp:featuredmedia":[{"embeddable":true,"href":"https:\/\/krajlevandule.com\/index.php\/wp-json\/wp\/v2\/media\/375"}],"wp:attachment":[{"href":"https:\/\/krajlevandule.com\/index.php\/wp-json\/wp\/v2\/media?parent=347"}],"wp:term":[{"taxonomy":"product_cat","embeddable":true,"href":"https:\/\/krajlevandule.com\/index.php\/wp-json\/wp\/v2\/product_cat?post=347"},{"taxonomy":"product_tag","embeddable":true,"href":"https:\/\/krajlevandule.com\/index.php\/wp-json\/wp\/v2\/product_tag?post=347"}],"curies":[{"name":"wp","href":"https:\/\/api.w.org\/{rel}","templated":true}]}}