{"id":284,"date":"2024-04-02T18:05:27","date_gmt":"2024-04-02T16:05:27","guid":{"rendered":"https:\/\/krajlevandule.com\/?post_type=product&#038;p=284"},"modified":"2024-08-25T18:34:29","modified_gmt":"2024-08-25T16:34:29","slug":"obal-na-tablet-knihu-dokumenty","status":"publish","type":"product","link":"https:\/\/krajlevandule.com\/index.php\/produkt\/obal-na-tablet-knihu-dokumenty\/","title":{"rendered":"Obal na tablet, knihu, dokumenty.."},"content":{"rendered":"<p>Pouzdro na tablet, knihu, doklady, dokumenty &#8230;<\/p>\n<p>&nbsp;<\/p>\n<p>&nbsp;<\/p>\n","protected":false},"excerpt":{"rendered":"<p>Kr\u00e1sn\u011b pro\u0161it\u00fd obal na v\u011bt\u0161\u00ed \u010di men\u0161\u00ed drobnosti&#8230;nezbytnosti.<\/p>\n","protected":false},"featured_media":273,"comment_status":"open","ping_status":"closed","template":"","meta":[],"product_cat":[25,48,31,30,46,20],"product_tag":[],"class_list":{"0":"post-284","1":"product","2":"type-product","3":"status-publish","4":"has-post-thumbnail","6":"product_cat-knihy-psani-a-malovani","7":"product_cat-kosmeticke-tasky","8":"product_cat-obaly-na-diare","9":"product_cat-obaly-na-knihy","10":"product_cat-obaly-na-tablety","11":"product_cat-tasky","13":"first","14":"outofstock","15":"taxable","16":"shipping-taxable","17":"purchasable","18":"product-type-simple"},"_links":{"self":[{"href":"https:\/\/krajlevandule.com\/index.php\/wp-json\/wp\/v2\/product\/284"}],"collection":[{"href":"https:\/\/krajlevandule.com\/index.php\/wp-json\/wp\/v2\/product"}],"about":[{"href":"https:\/\/krajlevandule.com\/index.php\/wp-json\/wp\/v2\/types\/product"}],"replies":[{"embeddable":true,"href":"https:\/\/krajlevandule.com\/index.php\/wp-json\/wp\/v2\/comments?post=284"}],"wp:featuredmedia":[{"embeddable":true,"href":"https:\/\/krajlevandule.com\/index.php\/wp-json\/wp\/v2\/media\/273"}],"wp:attachment":[{"href":"https:\/\/krajlevandule.com\/index.php\/wp-json\/wp\/v2\/media?parent=284"}],"wp:term":[{"taxonomy":"product_cat","embeddable":true,"href":"https:\/\/krajlevandule.com\/index.php\/wp-json\/wp\/v2\/product_cat?post=284"},{"taxonomy":"product_tag","embeddable":true,"href":"https:\/\/krajlevandule.com\/index.php\/wp-json\/wp\/v2\/product_tag?post=284"}],"curies":[{"name":"wp","href":"https:\/\/api.w.org\/{rel}","templated":true}]}}