{"id":27,"date":"2024-03-11T00:36:07","date_gmt":"2024-03-10T23:36:07","guid":{"rendered":"https:\/\/krajlevandule.com\/?post_type=product&#038;p=27"},"modified":"2024-08-25T20:54:53","modified_gmt":"2024-08-25T18:54:53","slug":"pastelkovnik-duhovy","status":"publish","type":"product","link":"https:\/\/krajlevandule.com\/index.php\/produkt\/pastelkovnik-duhovy\/","title":{"rendered":"Pastelkovn\u00edk duhov\u00fd spolu s pastelkami kohinoor"},"content":{"rendered":"<p>Pastelkovn\u00edk s duhov\u00fdm krun\u00fd\u0159em a monochromatick\u00fdm vnit\u0159kem. Prostor pro 36 pis\u00e1tek.<\/p>\n<p>&nbsp;<\/p>\n","protected":false},"excerpt":{"rendered":"<p>Obal pro pastelky &#8211; nech\u00e1 v\u00e1s vytvo\u0159it si paletu barev jak se va\u0161emu obrazu zrovna hod\u00ed. Nebo si jen m\u016f\u017eete se\u0159adit tu\u017eky podle obl\u00edben\u00e9 tvrdosti.<\/p>\n<p>&nbsp;<\/p>\n","protected":false},"featured_media":32,"comment_status":"open","ping_status":"closed","template":"","meta":[],"product_cat":[25,29],"product_tag":[34,35],"class_list":{"0":"post-27","1":"product","2":"type-product","3":"status-publish","4":"has-post-thumbnail","6":"product_cat-knihy-psani-a-malovani","7":"product_cat-pastelkovniky","8":"product_tag-mnohobarevny","9":"product_tag-pastelkovniky","11":"first","12":"instock","13":"taxable","14":"shipping-taxable","15":"purchasable","16":"product-type-simple"},"_links":{"self":[{"href":"https:\/\/krajlevandule.com\/index.php\/wp-json\/wp\/v2\/product\/27"}],"collection":[{"href":"https:\/\/krajlevandule.com\/index.php\/wp-json\/wp\/v2\/product"}],"about":[{"href":"https:\/\/krajlevandule.com\/index.php\/wp-json\/wp\/v2\/types\/product"}],"replies":[{"embeddable":true,"href":"https:\/\/krajlevandule.com\/index.php\/wp-json\/wp\/v2\/comments?post=27"}],"wp:featuredmedia":[{"embeddable":true,"href":"https:\/\/krajlevandule.com\/index.php\/wp-json\/wp\/v2\/media\/32"}],"wp:attachment":[{"href":"https:\/\/krajlevandule.com\/index.php\/wp-json\/wp\/v2\/media?parent=27"}],"wp:term":[{"taxonomy":"product_cat","embeddable":true,"href":"https:\/\/krajlevandule.com\/index.php\/wp-json\/wp\/v2\/product_cat?post=27"},{"taxonomy":"product_tag","embeddable":true,"href":"https:\/\/krajlevandule.com\/index.php\/wp-json\/wp\/v2\/product_tag?post=27"}],"curies":[{"name":"wp","href":"https:\/\/api.w.org\/{rel}","templated":true}]}}