{"id":262,"date":"2024-04-01T17:08:00","date_gmt":"2024-04-01T15:08:00","guid":{"rendered":"https:\/\/krajlevandule.com\/?post_type=product&#038;p=262"},"modified":"2024-08-25T20:52:58","modified_gmt":"2024-08-25T18:52:58","slug":"pastelkovnik","status":"publish","type":"product","link":"https:\/\/krajlevandule.com\/index.php\/produkt\/pastelkovnik\/","title":{"rendered":"Pastelkovn\u00edk s pastelkami KOH-I-NOOR"},"content":{"rendered":"<p style=\"text-align: left;\">Pastelkovn\u00edk pro 24 pis\u00e1tek z kr\u00e1sn\u00fdch bavln\u011bn\u00fdch l\u00e1tek.<\/p>\n<p>&nbsp;<\/p>\n","protected":false},"excerpt":{"rendered":"<p>Proquiltovan\u00fd pastelkovn\u00edk na 24 pis\u00e1tek.<\/p>\n","protected":false},"featured_media":263,"comment_status":"open","ping_status":"closed","template":"","meta":[],"product_cat":[25,29],"product_tag":[34],"class_list":{"0":"post-262","1":"product","2":"type-product","3":"status-publish","4":"has-post-thumbnail","6":"product_cat-knihy-psani-a-malovani","7":"product_cat-pastelkovniky","8":"product_tag-mnohobarevny","10":"first","11":"instock","12":"taxable","13":"shipping-taxable","14":"purchasable","15":"product-type-simple"},"_links":{"self":[{"href":"https:\/\/krajlevandule.com\/index.php\/wp-json\/wp\/v2\/product\/262"}],"collection":[{"href":"https:\/\/krajlevandule.com\/index.php\/wp-json\/wp\/v2\/product"}],"about":[{"href":"https:\/\/krajlevandule.com\/index.php\/wp-json\/wp\/v2\/types\/product"}],"replies":[{"embeddable":true,"href":"https:\/\/krajlevandule.com\/index.php\/wp-json\/wp\/v2\/comments?post=262"}],"wp:featuredmedia":[{"embeddable":true,"href":"https:\/\/krajlevandule.com\/index.php\/wp-json\/wp\/v2\/media\/263"}],"wp:attachment":[{"href":"https:\/\/krajlevandule.com\/index.php\/wp-json\/wp\/v2\/media?parent=262"}],"wp:term":[{"taxonomy":"product_cat","embeddable":true,"href":"https:\/\/krajlevandule.com\/index.php\/wp-json\/wp\/v2\/product_cat?post=262"},{"taxonomy":"product_tag","embeddable":true,"href":"https:\/\/krajlevandule.com\/index.php\/wp-json\/wp\/v2\/product_tag?post=262"}],"curies":[{"name":"wp","href":"https:\/\/api.w.org\/{rel}","templated":true}]}}