{"id":241,"date":"2024-03-17T15:38:24","date_gmt":"2024-03-17T14:38:24","guid":{"rendered":"https:\/\/krajlevandule.com\/?post_type=product&#038;p=241"},"modified":"2024-08-25T18:34:29","modified_gmt":"2024-08-25T16:34:29","slug":"kosmeticka-tastiska-kvetinova","status":"publish","type":"product","link":"https:\/\/krajlevandule.com\/index.php\/produkt\/kosmeticka-tastiska-kvetinova\/","title":{"rendered":"Kosmetick\u00e1 ta\u0161ti\u0161ka kv\u011btinov\u00e1"},"content":{"rendered":"<ul>\n<li>Bavln\u011bn\u00e9 l\u00e1tky<\/li>\n<li>V\u00fdpl\u0148 termol\u00edn<\/li>\n<\/ul>\n<p>Pr\u00e1t na 30 stup\u0148\u016f<\/p>\n","protected":false},"excerpt":{"rendered":"<p>Hust\u011b proquiltovan\u00e1 kosmetick\u00e1 ta\u0161ti\u010dka.<\/p>\n","protected":false},"featured_media":219,"comment_status":"open","ping_status":"closed","template":"","meta":[],"product_cat":[50],"product_tag":[],"class_list":{"0":"post-241","1":"product","2":"type-product","3":"status-publish","4":"has-post-thumbnail","6":"product_cat-kosmeticke-tasticky-tasky","8":"first","9":"outofstock","10":"taxable","11":"shipping-taxable","12":"purchasable","13":"product-type-simple"},"_links":{"self":[{"href":"https:\/\/krajlevandule.com\/index.php\/wp-json\/wp\/v2\/product\/241"}],"collection":[{"href":"https:\/\/krajlevandule.com\/index.php\/wp-json\/wp\/v2\/product"}],"about":[{"href":"https:\/\/krajlevandule.com\/index.php\/wp-json\/wp\/v2\/types\/product"}],"replies":[{"embeddable":true,"href":"https:\/\/krajlevandule.com\/index.php\/wp-json\/wp\/v2\/comments?post=241"}],"wp:featuredmedia":[{"embeddable":true,"href":"https:\/\/krajlevandule.com\/index.php\/wp-json\/wp\/v2\/media\/219"}],"wp:attachment":[{"href":"https:\/\/krajlevandule.com\/index.php\/wp-json\/wp\/v2\/media?parent=241"}],"wp:term":[{"taxonomy":"product_cat","embeddable":true,"href":"https:\/\/krajlevandule.com\/index.php\/wp-json\/wp\/v2\/product_cat?post=241"},{"taxonomy":"product_tag","embeddable":true,"href":"https:\/\/krajlevandule.com\/index.php\/wp-json\/wp\/v2\/product_tag?post=241"}],"curies":[{"name":"wp","href":"https:\/\/api.w.org\/{rel}","templated":true}]}}