{"id":237,"date":"2024-03-17T15:28:07","date_gmt":"2024-03-17T14:28:07","guid":{"rendered":"https:\/\/krajlevandule.com\/?post_type=product&#038;p=237"},"modified":"2024-08-25T18:34:29","modified_gmt":"2024-08-25T16:34:29","slug":"prosivane-pouzdro-s-kozenym-poutkem","status":"publish","type":"product","link":"https:\/\/krajlevandule.com\/index.php\/produkt\/prosivane-pouzdro-s-kozenym-poutkem\/","title":{"rendered":"Pro\u0161\u00edvan\u00e9 pouzdro s ko\u017een\u00fdm poutkem"},"content":{"rendered":"<div class=\"woocommerce-product-details__short-description\">\n<div id=\"tab-description\" class=\"woocommerce-Tabs-panel woocommerce-Tabs-panel--description panel entry-content wc-tab\" role=\"tabpanel\" aria-labelledby=\"tab-title-description\">\n<ul>\n<li>Bavln\u011bn\u00e9 l\u00e1tky<\/li>\n<li>V\u00fdpl\u0148 termol\u00edn<\/li>\n<\/ul>\n<p>Pr\u00e1t na 30 stup\u0148\u016f<\/p>\n<\/div>\n<\/div>\n","protected":false},"excerpt":{"rendered":"<p>Hust\u011b proquiltovan\u00e9 pouzdro na nezbytn\u00e9 drobnosti.<\/p>\n","protected":false},"featured_media":212,"comment_status":"open","ping_status":"closed","template":"","meta":[],"product_cat":[50,52],"product_tag":[],"class_list":{"0":"post-237","1":"product","2":"type-product","3":"status-publish","4":"has-post-thumbnail","6":"product_cat-kosmeticke-tasticky-tasky","7":"product_cat-tasticky","9":"first","10":"outofstock","11":"taxable","12":"shipping-taxable","13":"purchasable","14":"product-type-simple"},"_links":{"self":[{"href":"https:\/\/krajlevandule.com\/index.php\/wp-json\/wp\/v2\/product\/237"}],"collection":[{"href":"https:\/\/krajlevandule.com\/index.php\/wp-json\/wp\/v2\/product"}],"about":[{"href":"https:\/\/krajlevandule.com\/index.php\/wp-json\/wp\/v2\/types\/product"}],"replies":[{"embeddable":true,"href":"https:\/\/krajlevandule.com\/index.php\/wp-json\/wp\/v2\/comments?post=237"}],"wp:featuredmedia":[{"embeddable":true,"href":"https:\/\/krajlevandule.com\/index.php\/wp-json\/wp\/v2\/media\/212"}],"wp:attachment":[{"href":"https:\/\/krajlevandule.com\/index.php\/wp-json\/wp\/v2\/media?parent=237"}],"wp:term":[{"taxonomy":"product_cat","embeddable":true,"href":"https:\/\/krajlevandule.com\/index.php\/wp-json\/wp\/v2\/product_cat?post=237"},{"taxonomy":"product_tag","embeddable":true,"href":"https:\/\/krajlevandule.com\/index.php\/wp-json\/wp\/v2\/product_tag?post=237"}],"curies":[{"name":"wp","href":"https:\/\/api.w.org\/{rel}","templated":true}]}}