{"id":195,"date":"2024-03-17T15:00:33","date_gmt":"2024-03-17T14:00:33","guid":{"rendered":"https:\/\/krajlevandule.com\/?post_type=product&#038;p=195"},"modified":"2024-08-25T20:53:44","modified_gmt":"2024-08-25T18:53:44","slug":"pastelkovnik-duhovy-spolu-s-pastelkami-2","status":"publish","type":"product","link":"https:\/\/krajlevandule.com\/index.php\/produkt\/pastelkovnik-duhovy-spolu-s-pastelkami-2\/","title":{"rendered":"Pastelkovn\u00edk duhov\u00fd spolu s pastelkami kohinoor"},"content":{"rendered":"<p>Pastelkovn\u00edk s duhov\u00fdm krun\u00fd\u0159em a monochromatick\u00fdm vnit\u0159kem. Prostor pro 24-36 pis\u00e1tek siln\u011bj\u0161\u00edch.<\/p>\n","protected":false},"excerpt":{"rendered":"<p>Obal pro pastelky \u2013 nech\u00e1 v\u00e1s vytvo\u0159it si paletu barev jak se va\u0161emu obrazu zrovna hod\u00ed. Nebo si jen m\u016f\u017eete se\u0159adit tu\u017eky podle obl\u00edben\u00e9 tvrdosti. Spolu s pastelkami kohinoor.<\/p>\n","protected":false},"featured_media":179,"comment_status":"open","ping_status":"closed","template":"","meta":[],"product_cat":[29],"product_tag":[],"class_list":{"0":"post-195","1":"product","2":"type-product","3":"status-publish","4":"has-post-thumbnail","6":"product_cat-pastelkovniky","8":"first","9":"instock","10":"taxable","11":"shipping-taxable","12":"purchasable","13":"product-type-simple"},"_links":{"self":[{"href":"https:\/\/krajlevandule.com\/index.php\/wp-json\/wp\/v2\/product\/195"}],"collection":[{"href":"https:\/\/krajlevandule.com\/index.php\/wp-json\/wp\/v2\/product"}],"about":[{"href":"https:\/\/krajlevandule.com\/index.php\/wp-json\/wp\/v2\/types\/product"}],"replies":[{"embeddable":true,"href":"https:\/\/krajlevandule.com\/index.php\/wp-json\/wp\/v2\/comments?post=195"}],"wp:featuredmedia":[{"embeddable":true,"href":"https:\/\/krajlevandule.com\/index.php\/wp-json\/wp\/v2\/media\/179"}],"wp:attachment":[{"href":"https:\/\/krajlevandule.com\/index.php\/wp-json\/wp\/v2\/media?parent=195"}],"wp:term":[{"taxonomy":"product_cat","embeddable":true,"href":"https:\/\/krajlevandule.com\/index.php\/wp-json\/wp\/v2\/product_cat?post=195"},{"taxonomy":"product_tag","embeddable":true,"href":"https:\/\/krajlevandule.com\/index.php\/wp-json\/wp\/v2\/product_tag?post=195"}],"curies":[{"name":"wp","href":"https:\/\/api.w.org\/{rel}","templated":true}]}}