{"id":193,"date":"2024-03-17T14:40:55","date_gmt":"2024-03-17T13:40:55","guid":{"rendered":"https:\/\/krajlevandule.com\/?post_type=product&#038;p=193"},"modified":"2024-08-25T18:34:29","modified_gmt":"2024-08-25T16:34:29","slug":"obal-na-tablet","status":"publish","type":"product","link":"https:\/\/krajlevandule.com\/index.php\/produkt\/obal-na-tablet\/","title":{"rendered":"Obal na tablet"},"content":{"rendered":"<ul>\n<li>Bavln\u011bn\u00e9 l\u00e1tky<\/li>\n<li>v\u00fdpl\u0148 termol\u00edn<\/li>\n<li>Pr\u00e1t\u00a0 na 30 stup\u0148\u016f<\/li>\n<\/ul>\n","protected":false},"excerpt":{"rendered":"<p>Obal na tablet, dokumenty, obl\u00edbenou kn\u00ed\u017eku&#8230;.<\/p>\n","protected":false},"featured_media":161,"comment_status":"open","ping_status":"closed","template":"","meta":[],"product_cat":[46],"product_tag":[],"class_list":{"0":"post-193","1":"product","2":"type-product","3":"status-publish","4":"has-post-thumbnail","6":"product_cat-obaly-na-tablety","8":"first","9":"outofstock","10":"taxable","11":"shipping-taxable","12":"purchasable","13":"product-type-simple"},"_links":{"self":[{"href":"https:\/\/krajlevandule.com\/index.php\/wp-json\/wp\/v2\/product\/193"}],"collection":[{"href":"https:\/\/krajlevandule.com\/index.php\/wp-json\/wp\/v2\/product"}],"about":[{"href":"https:\/\/krajlevandule.com\/index.php\/wp-json\/wp\/v2\/types\/product"}],"replies":[{"embeddable":true,"href":"https:\/\/krajlevandule.com\/index.php\/wp-json\/wp\/v2\/comments?post=193"}],"wp:featuredmedia":[{"embeddable":true,"href":"https:\/\/krajlevandule.com\/index.php\/wp-json\/wp\/v2\/media\/161"}],"wp:attachment":[{"href":"https:\/\/krajlevandule.com\/index.php\/wp-json\/wp\/v2\/media?parent=193"}],"wp:term":[{"taxonomy":"product_cat","embeddable":true,"href":"https:\/\/krajlevandule.com\/index.php\/wp-json\/wp\/v2\/product_cat?post=193"},{"taxonomy":"product_tag","embeddable":true,"href":"https:\/\/krajlevandule.com\/index.php\/wp-json\/wp\/v2\/product_tag?post=193"}],"curies":[{"name":"wp","href":"https:\/\/api.w.org\/{rel}","templated":true}]}}