{"id":160,"date":"2024-03-16T18:48:18","date_gmt":"2024-03-16T17:48:18","guid":{"rendered":"https:\/\/krajlevandule.com\/?post_type=product&#038;p=160"},"modified":"2024-08-25T20:53:56","modified_gmt":"2024-08-25T18:53:56","slug":"pastelkovnik-duhovy-spolu-s-pastelkami","status":"publish","type":"product","link":"https:\/\/krajlevandule.com\/index.php\/produkt\/pastelkovnik-duhovy-spolu-s-pastelkami\/","title":{"rendered":"Pastelkovn\u00edk duhov\u00fd spolu s pastelkami kohinoor"},"content":{"rendered":"<p>Pastelkovn\u00edk s duhov\u00fdm krun\u00fd\u0159em a monochromatick\u00fdm vnit\u0159kem. Prostor pro 24-36 pis\u00e1tek siln\u011bj\u0161\u00edch.<\/p>\n","protected":false},"excerpt":{"rendered":"<p>Obal pro pastelky \u2013 nech\u00e1 v\u00e1s vytvo\u0159it si paletu barev jak se va\u0161emu obrazu zrovna hod\u00ed. Nebo si jen m\u016f\u017eete se\u0159adit tu\u017eky podle obl\u00edben\u00e9 tvrdosti. Spolu s pastelkami kohinoor.<\/p>\n<p>&nbsp;<\/p>\n<p>&nbsp;<\/p>\n<p>&nbsp;<\/p>\n","protected":false},"featured_media":233,"comment_status":"open","ping_status":"closed","template":"","meta":[],"product_cat":[29],"product_tag":[37],"class_list":{"0":"post-160","1":"product","2":"type-product","3":"status-publish","4":"has-post-thumbnail","6":"product_cat-pastelkovniky","7":"product_tag-mnohobarevna","9":"first","10":"instock","11":"taxable","12":"shipping-taxable","13":"purchasable","14":"product-type-simple"},"_links":{"self":[{"href":"https:\/\/krajlevandule.com\/index.php\/wp-json\/wp\/v2\/product\/160"}],"collection":[{"href":"https:\/\/krajlevandule.com\/index.php\/wp-json\/wp\/v2\/product"}],"about":[{"href":"https:\/\/krajlevandule.com\/index.php\/wp-json\/wp\/v2\/types\/product"}],"replies":[{"embeddable":true,"href":"https:\/\/krajlevandule.com\/index.php\/wp-json\/wp\/v2\/comments?post=160"}],"wp:featuredmedia":[{"embeddable":true,"href":"https:\/\/krajlevandule.com\/index.php\/wp-json\/wp\/v2\/media\/233"}],"wp:attachment":[{"href":"https:\/\/krajlevandule.com\/index.php\/wp-json\/wp\/v2\/media?parent=160"}],"wp:term":[{"taxonomy":"product_cat","embeddable":true,"href":"https:\/\/krajlevandule.com\/index.php\/wp-json\/wp\/v2\/product_cat?post=160"},{"taxonomy":"product_tag","embeddable":true,"href":"https:\/\/krajlevandule.com\/index.php\/wp-json\/wp\/v2\/product_tag?post=160"}],"curies":[{"name":"wp","href":"https:\/\/api.w.org\/{rel}","templated":true}]}}