{"id":157,"date":"2024-03-16T18:20:24","date_gmt":"2024-03-16T17:20:24","guid":{"rendered":"https:\/\/krajlevandule.com\/?post_type=product&#038;p=157"},"modified":"2026-03-07T14:24:17","modified_gmt":"2026-03-07T13:24:17","slug":"tasticka-na-drobnosti-3","status":"publish","type":"product","link":"https:\/\/krajlevandule.com\/index.php\/produkt\/tasticka-na-drobnosti-3\/","title":{"rendered":"Ta\u0161ti\u010dka na drobnosti"},"content":{"rendered":"<ul>\n<li>Bavln\u011bn\u00e9 l\u00e1tky<\/li>\n<li>V\u00fdpl\u0148 termol\u00edn<\/li>\n<\/ul>\n<p>Pr\u00e1t na 30 stup\u0148\u016f<\/p>\n","protected":false},"excerpt":{"rendered":"<p>Mal\u00e1 kapsi\u010dka na drobnosti.<\/p>\n","protected":false},"featured_media":137,"comment_status":"open","ping_status":"closed","template":"","meta":[],"product_cat":[52],"product_tag":[37],"class_list":{"0":"post-157","1":"product","2":"type-product","3":"status-publish","4":"has-post-thumbnail","6":"product_cat-tasticky","7":"product_tag-mnohobarevna","9":"first","10":"outofstock","11":"taxable","12":"shipping-taxable","13":"purchasable","14":"product-type-simple"},"_links":{"self":[{"href":"https:\/\/krajlevandule.com\/index.php\/wp-json\/wp\/v2\/product\/157"}],"collection":[{"href":"https:\/\/krajlevandule.com\/index.php\/wp-json\/wp\/v2\/product"}],"about":[{"href":"https:\/\/krajlevandule.com\/index.php\/wp-json\/wp\/v2\/types\/product"}],"replies":[{"embeddable":true,"href":"https:\/\/krajlevandule.com\/index.php\/wp-json\/wp\/v2\/comments?post=157"}],"wp:featuredmedia":[{"embeddable":true,"href":"https:\/\/krajlevandule.com\/index.php\/wp-json\/wp\/v2\/media\/137"}],"wp:attachment":[{"href":"https:\/\/krajlevandule.com\/index.php\/wp-json\/wp\/v2\/media?parent=157"}],"wp:term":[{"taxonomy":"product_cat","embeddable":true,"href":"https:\/\/krajlevandule.com\/index.php\/wp-json\/wp\/v2\/product_cat?post=157"},{"taxonomy":"product_tag","embeddable":true,"href":"https:\/\/krajlevandule.com\/index.php\/wp-json\/wp\/v2\/product_tag?post=157"}],"curies":[{"name":"wp","href":"https:\/\/api.w.org\/{rel}","templated":true}]}}