{"id":432,"date":"2025-01-12T19:04:25","date_gmt":"2025-01-12T18:04:25","guid":{"rendered":"https:\/\/krajlevandule.com\/?page_id=432"},"modified":"2025-01-24T15:20:59","modified_gmt":"2025-01-24T14:20:59","slug":"o-me","status":"publish","type":"page","link":"https:\/\/krajlevandule.com\/index.php\/o-me\/","title":{"rendered":"O mn\u011b"},"content":{"rendered":"<p>Jmenuji se Eva Po\u0161tov\u00e1<\/p><p>Poch\u00e1z\u00edm a \u017eiju v Lokti nad Oh\u0159\u00ed, kde je mi tuze dob\u0159e, kde to miluju.<\/p><p>\u00a0 \u00a0 Vystudovala jsem st\u0159edn\u00ed zdravotn\u00ed \u0161kolu a pracovala n\u011bkolik let v Praze v Motole na ARO. K pr\u00e1ci sest\u0159i\u010dky jsem se vr\u00e1tila i po 20.letech v obch\u016fdku se zdravou v\u00fd\u017eivou a bylinami, co\u017e m\u011b napl\u0148uje jako v\u0161echno, co d\u011bl\u00e1m.<\/p><p>&nbsp; &nbsp; \u0160it\u00edm tr\u00e1v\u00edm sv\u016fj voln\u00fd \u010das a uspokojuju pot\u0159eby tvo\u0159en\u00ed. T\u011b\u0161\u00edm se s kr\u00e1sn\u00fdmi l\u00e1tkami a se sv\u00fdm bo\u017e\u00edm Janome memory craft strojem. Na\u0161la jsem se pr\u00e1v\u011b v quiltov\u00e1n\u00ed, tedy pro\u0161\u00edv\u00e1n\u00ed v\u00edce vrstev, a proto v m\u00e9m obch\u016fdku najdete v\u011bci hust\u011b pro\u0161it\u00e9 z kvalitn\u00edch bavln\u011bn\u00fdch l\u00e1tek.&nbsp;<\/p><p>&nbsp; &nbsp; M\u016f\u017eete se pot\u011b\u0161it s kosmetickou ta\u0161ti\u010dkou r\u016fzn\u00fdch rozm\u011br\u016f, s pouzdrem na tablet, notebook, pouzdrem na doklady, obalem na \u010dte\u010dku, ale zejm\u00e9na m\u00fdm obl\u00edben\u00fdm pouzdrem na pastelky.&nbsp;<\/p><p>&nbsp; &nbsp; &nbsp;Jinak \u0159e\u010deno &#8230; pro\u0161\u00edv\u00e1m se sv\u00fdm \u017eivotem<\/p><p>&nbsp; &nbsp; &nbsp;V\u00edtejte a radujte se se mnou&#8230;&nbsp; &nbsp;<\/p><p>&nbsp; &nbsp; &nbsp; &nbsp; &nbsp; &nbsp; &nbsp; &nbsp; &nbsp; &nbsp; &nbsp; &nbsp; &nbsp; &nbsp; &nbsp; &nbsp; &nbsp; &nbsp; &nbsp; &nbsp; &nbsp; &nbsp; &nbsp; &nbsp; &nbsp; &nbsp; &nbsp; &nbsp; &nbsp; &nbsp; &nbsp; &nbsp; &nbsp; Va\u0161e Eva Po\u0161tov\u00e1<\/p>","protected":false},"excerpt":{"rendered":"<p>Jmenuji se Eva Po\u0161tov\u00e1 Poch\u00e1z\u00edm a \u017eiju v Lokti nad Oh\u0159\u00ed, kde je mi tuze dob\u0159e, kde to miluju. \u00a0 \u00a0 Vystudovala jsem st\u0159edn\u00ed zdravotn\u00ed \u0161kolu a pracovala n\u011bkolik let v Praze v Motole na ARO. K pr\u00e1ci sest\u0159i\u010dky jsem se vr\u00e1tila i po 20.letech v obch\u016fdku se zdravou v\u00fd\u017eivou a bylinami, co\u017e m\u011b napl\u0148uje [&hellip;]<\/p>\n","protected":false},"author":1,"featured_media":0,"parent":0,"menu_order":0,"comment_status":"closed","ping_status":"closed","template":"","meta":{"footnotes":""},"class_list":["post-432","page","type-page","status-publish","hentry"],"blocksy_meta":[],"_links":{"self":[{"href":"https:\/\/krajlevandule.com\/index.php\/wp-json\/wp\/v2\/pages\/432"}],"collection":[{"href":"https:\/\/krajlevandule.com\/index.php\/wp-json\/wp\/v2\/pages"}],"about":[{"href":"https:\/\/krajlevandule.com\/index.php\/wp-json\/wp\/v2\/types\/page"}],"author":[{"embeddable":true,"href":"https:\/\/krajlevandule.com\/index.php\/wp-json\/wp\/v2\/users\/1"}],"replies":[{"embeddable":true,"href":"https:\/\/krajlevandule.com\/index.php\/wp-json\/wp\/v2\/comments?post=432"}],"version-history":[{"count":5,"href":"https:\/\/krajlevandule.com\/index.php\/wp-json\/wp\/v2\/pages\/432\/revisions"}],"predecessor-version":[{"id":454,"href":"https:\/\/krajlevandule.com\/index.php\/wp-json\/wp\/v2\/pages\/432\/revisions\/454"}],"wp:attachment":[{"href":"https:\/\/krajlevandule.com\/index.php\/wp-json\/wp\/v2\/media?parent=432"}],"curies":[{"name":"wp","href":"https:\/\/api.w.org\/{rel}","templated":true}]}}